{"id":2869,"date":"2025-12-17T20:27:48","date_gmt":"2025-12-17T18:27:48","guid":{"rendered":"https:\/\/www.aude.es\/hoerzentrum-in-malaga\/"},"modified":"2026-02-06T19:04:13","modified_gmt":"2026-02-06T17:04:13","slug":"hoerzentrum-in-malaga","status":"publish","type":"page","link":"https:\/\/www.aude.es\/de\/hoerzentrum-in-malaga\/","title":{"rendered":"H\u00f6rzentrum in Malaga"},"content":{"rendered":"<section class=\"l-section wpb_row height_medium\"><div class=\"l-section-h i-cf\"><div class=\"g-cols vc_row via_flex valign_top type_default stacking_default\"><div class=\"vc_col-sm-12 wpb_column vc_column_container\"><div class=\"vc_column-inner\"><div class=\"wpb_wrapper\">[vc_custom_heading text=&#8220;H\u00f6rzentrum in Malaga \u2013 Professionelle und individuelle Betreuung&#8220; font_container=&#8220;tag:h1|text_align:left&#8220; use_theme_fonts=&#8220;yes&#8220;]<div class=\"wpb_text_column\"><div class=\"wpb_wrapper\"><p>Im <strong>Aude H\u00f6rzentrum<\/strong> sind wir auf die Vorbeugung, Diagnose und Behandlung von <strong>H\u00f6rverlust<\/strong> spezialisiert. Wir bieten einen professionellen, individuellen und transparenten Service f\u00fcr alle, die <strong>in M\u00e1laga ein H\u00f6rzentrum<\/strong> mit pers\u00f6nlicher Betreuung und modernster Technologie suchen. <\/p>\n<p>Unser Ziel ist es, Ihre Lebensqualit\u00e4t durch eine sorgf\u00e4ltige H\u00f6rpr\u00fcfung und gegebenenfalls die pr\u00e4zise Anpassung von H\u00f6rger\u00e4ten zu verbessern.<\/p>\n<\/div><\/div><\/div><\/div><\/div><\/div><\/div><\/section><section class=\"l-section wpb_row height_medium\"><div class=\"l-section-h i-cf\"><div class=\"g-cols vc_row via_flex valign_top type_default stacking_default\"><div class=\"vc_col-sm-12 wpb_column vc_column_container\"><div class=\"vc_column-inner\"><div class=\"wpb_wrapper\">[vc_custom_heading text=&#8220;H\u00f6rspezialisten in Malaga&#8220; use_theme_fonts=&#8220;yes&#8220;]<div class=\"wpb_text_column\"><div class=\"wpb_wrapper\"><p>In unserem H\u00f6rzentrum f\u00fchren wir umfassende H\u00f6rtests durch, um H\u00f6rbeeintr\u00e4chtigungen jeglicher Art \u2013 von leichten bis hin zu fortgeschrittenen \u2013 festzustellen.<br \/>Unsere Leistungen werden von einem zertifizierten H\u00f6rger\u00e4teakustiker erbracht, der sich f\u00fcr jeden Patienten ausreichend Zeit nimmt, ohne sich zu beeilen und alles verst\u00e4ndlich zu erkl\u00e4ren.<\/p>\n<\/div><\/div><\/div><\/div><\/div><\/div><\/div><\/section><section class=\"l-section wpb_row height_medium\"><div class=\"l-section-h i-cf\"><div class=\"g-cols vc_row via_flex valign_top type_default stacking_default\"><div class=\"vc_col-sm-12 wpb_column vc_column_container\"><div class=\"vc_column-inner\"><div class=\"wpb_wrapper\">[vc_custom_heading text=&#8220;Leistungen unseres H\u00f6rzentrums&#8220; use_theme_fonts=&#8220;yes&#8220;]<div class=\"wpb_text_column\"><div class=\"wpb_wrapper\"><p><strong>Umfassende H\u00f6rpr\u00fcfung<\/strong><br \/>\nReine und Sprachaudiometrie, Funktionstests und individuelle H\u00f6ranalyse.<\/p>\n<p><strong>H\u00f6rger\u00e4teanpassung<\/strong><br \/>\nAuswahl, Programmierung und Anpassung digitaler H\u00f6rger\u00e4te entsprechend der Art des H\u00f6rverlusts und des Lebensstils.<\/p>\n<p><strong>H\u00f6rger\u00e4te-Anprobe<\/strong><br \/>\nM\u00f6glichkeit, verschiedene Modelle und Preisklassen vor der Entscheidung auszuprobieren.<\/p>\n<p><strong>Inspektionen und Wartung<\/strong><br \/>\nRegelm\u00e4\u00dfige Justierungen, Reinigung, \u00dcberwachung und Fehlerbehebung.<\/p>\n<p><strong>Individuelle Beratung<\/strong><br \/>\nWir erkl\u00e4ren Ihnen jeden Schritt des Prozesses, damit Sie Ihre Entscheidungen v\u00f6llig unbesorgt treffen k\u00f6nnen.<\/p>\n<\/div><\/div><\/div><\/div><\/div><\/div><\/div><\/section><section class=\"l-section wpb_row height_medium\"><div class=\"l-section-h i-cf\"><div class=\"g-cols vc_row via_flex valign_top type_default stacking_default\"><div class=\"vc_col-sm-12 wpb_column vc_column_container\"><div class=\"vc_column-inner\"><div class=\"wpb_wrapper\">[vc_custom_heading text=&#8220;individuell angepasste H\u00f6rger\u00e4te&#8220; use_theme_fonts=&#8220;yes&#8220;]<div class=\"wpb_text_column\"><div class=\"wpb_wrapper\"><p>Bei Aude arbeiten wir <strong>mit modernsten digitalen H\u00f6rger\u00e4ten<\/strong>, die individuell auf die Bed\u00fcrfnisse jedes Patienten abgestimmt sind.<\/p>\n<p>Wir bieten:<br \/>\n\u2022 Wiederaufladbare H\u00f6rger\u00e4te<br \/>\n\u2022 Unsichtbare H\u00f6rger\u00e4te<br \/>\n\u2022 RIC- und Hinter-dem-Ohr-H\u00f6rger\u00e4te<br \/>\n\u2022 Verschiedene Technologien und Preisklassen<\/p>\n<p>Weitere Informationen finden Sie auf unserer Webseite:<br \/>\n<a href=\"https:\/\/www.aude.es\/audifonos-malaga\/\" target=\"_blank\" rel=\"noopener\">H\u00f6rger\u00e4te in M\u00e1laga<\/a><\/p>\n<\/div><\/div><\/div><\/div><\/div><\/div><\/div><\/section><section class=\"l-section wpb_row height_medium\"><div class=\"l-section-h i-cf\"><div class=\"g-cols vc_row via_flex valign_top type_default stacking_default\"><div class=\"vc_col-sm-12 wpb_column vc_column_container\"><div class=\"vc_column-inner\"><div class=\"wpb_wrapper\">[vc_custom_heading text=&#8220;Klare Preise und keine \u00dcberraschungen&#8220; use_theme_fonts=&#8220;yes&#8220;]<div class=\"wpb_text_column\"><div class=\"wpb_wrapper\"><p>In unserem H\u00f6rzentrum setzen wir auf <strong>Transparenz<\/strong>. Wir informieren Sie von Anfang an \u00fcber die Kosten der H\u00f6rger\u00e4te und die enthaltenen Leistungen. <\/p>\n<p>Hier k\u00f6nnen Sie sich \u00fcber die Richtpreise und die Leistungen der einzelnen Anpassungen informieren:<br \/>\n<a href=\"https:\/\/www.aude.es\/de\/preise-fuer-hoergeraete\/\" target=\"_blank\" rel=\"noopener\">Preise f\u00fcr H\u00f6rger\u00e4te ansehen.<\/a><\/p>\n<\/div><\/div><\/div><\/div><\/div><\/div><\/div><\/section><section class=\"l-section wpb_row height_medium\"><div class=\"l-section-h i-cf\"><div class=\"g-cols vc_row via_flex valign_top type_default stacking_default\"><div class=\"vc_col-sm-12 wpb_column vc_column_container\"><div class=\"vc_column-inner\"><div class=\"wpb_wrapper\">[vc_custom_heading text=&#8220;Warum sollten Sie sich f\u00fcr das Aude H\u00f6rzentrum in Malaga entscheiden?&#8220; use_theme_fonts=&#8220;yes&#8220;]<div class=\"wpb_text_column\"><div class=\"wpb_wrapper\"><p>\u2022 Atenci\u00f3n personalizada y cercana<br \/>\n\u2022 Audioprotesista titulado<br \/>\n\u2022 Explicaciones claras y sin presiones<br \/>\n\u2022 Prueba de aud\u00edfonos sin compromiso<br \/>\n\u2022 Seguimiento continuo<br \/>\n\u2022 Ubicaci\u00f3n c\u00f3moda en M\u00e1laga capital<\/p>\n<\/div><\/div><\/div><\/div><\/div><\/div><\/div><\/section><section class=\"l-section wpb_row height_medium\"><div class=\"l-section-h i-cf\"><div class=\"g-cols vc_row via_flex valign_top type_default stacking_default\"><div class=\"vc_col-sm-12 wpb_column vc_column_container\"><div class=\"vc_column-inner\"><div class=\"wpb_wrapper\">[vc_custom_heading text=&#8220;Wo sind wir?&#8220; use_theme_fonts=&#8220;yes&#8220;]<div class=\"wpb_text_column\"><div class=\"wpb_wrapper\"><p><strong>Aude H\u00f6rzentrum \u2013 M\u00e1laga<\/strong><br \/>\nAv. de los Guindos, 29, Lokal 14<br \/>\n29004 M\u00e1laga<\/p>\n<\/div><\/div><\/div><\/div><\/div><\/div><\/div><\/section><section class=\"l-section wpb_row height_medium\"><div class=\"l-section-h i-cf\"><div class=\"g-cols vc_row via_flex valign_top type_default stacking_default\"><\/div><\/div><\/section><div class=\"vc_col-sm-12 wpb_column vc_column_container\"><div class=\"vc_column-inner\"><div class=\"wpb_wrapper\"><\/div><\/div><\/div>[vc_custom_heading text=&#8220;Vereinbaren Sie Ihren Termin in unserem H\u00f6rzentrum.&#8220; font_container=&#8220;tag:h2|text_align:center&#8220; use_theme_fonts=&#8220;yes&#8220;]<div class=\"wpb_text_column\"><div class=\"wpb_wrapper\"><p style=\"text-align: center\">Wenn Sie Schwierigkeiten beim H\u00f6ren bemerken, Probleme haben, Gespr\u00e4chen zu folgen, oder einfach nur Ihr Geh\u00f6r \u00fcberpr\u00fcfen lassen m\u00f6chten, helfen wir Ihnen gerne.<\/p>\n<\/div><\/div><section class=\"l-section wpb_row height_medium\"><div class=\"l-section-h i-cf\"><div class=\"g-cols vc_row via_flex valign_top type_default stacking_default\"><div class=\"vc_col-sm-6 wpb_column vc_column_container\"><div class=\"vc_column-inner\"><div class=\"wpb_wrapper\"><div class=\"w-btn-wrapper align_right\"><a class=\"w-btn us-btn-style_4\" href=\"https:\/\/www.aude.es\/de\/kontakt\/\"><span class=\"w-btn-label\">Termin anfragen<\/span><\/a><\/div><\/div><\/div><\/div><div class=\"vc_col-sm-6 wpb_column vc_column_container\"><div class=\"vc_column-inner\"><div class=\"wpb_wrapper\"><div class=\"w-btn-wrapper align_left\"><a class=\"w-btn us-btn-style_4\" href=\"https:\/\/wa.me\/34611414479\"><span class=\"w-btn-label\">WhatsApp<\/span><\/a><\/div><\/div><\/div><\/div><\/div><\/div><\/section>\n","protected":false},"excerpt":{"rendered":"<p>[vc_custom_heading text=&#8220;Vereinbaren Sie Ihren Termin in unserem H\u00f6rzentrum.&#8220; font_container=&#8220;tag:h2|text_align:center&#8220; use_theme_fonts=&#8220;yes&#8220;]<\/p>\n","protected":false},"author":2,"featured_media":2598,"parent":0,"menu_order":0,"comment_status":"closed","ping_status":"closed","template":"","meta":{"_acf_changed":false,"_analytify_skip_tracking":false,"footnotes":""},"class_list":["post-2869","page","type-page","status-publish","has-post-thumbnail","hentry"],"acf":[],"yoast_head":"<!-- This site is optimized with the Yoast SEO plugin v27.4 - https:\/\/yoast.com\/product\/yoast-seo-wordpress\/ -->\n<title>H\u00f6rzentrum in M\u00e1laga | Aude H\u00f6rzentrum<\/title>\n<meta name=\"description\" content=\"H\u00f6rzentrum in Malaga mit professioneller und individueller Betreuung. Umfassende Audiometrie, H\u00f6rger\u00e4teanpassung und Nachsorge.\" \/>\n<meta name=\"robots\" content=\"index, follow, max-snippet:-1, max-image-preview:large, max-video-preview:-1\" \/>\n<link rel=\"canonical\" href=\"https:\/\/www.aude.es\/de\/hoerzentrum-in-malaga\/\" \/>\n<meta property=\"og:locale\" content=\"de_DE\" \/>\n<meta property=\"og:type\" content=\"article\" \/>\n<meta property=\"og:title\" content=\"H\u00f6rzentrum in M\u00e1laga | Aude H\u00f6rzentrum\" \/>\n<meta property=\"og:description\" content=\"H\u00f6rzentrum in Malaga mit professioneller und individueller Betreuung. Umfassende Audiometrie, H\u00f6rger\u00e4teanpassung und Nachsorge.\" \/>\n<meta property=\"og:url\" content=\"https:\/\/www.aude.es\/de\/hoerzentrum-in-malaga\/\" \/>\n<meta property=\"og:site_name\" content=\"Aude Centro Auditivo\" \/>\n<meta property=\"article:publisher\" content=\"https:\/\/www.facebook.com\/audecentroauditivo\" \/>\n<meta property=\"article:modified_time\" content=\"2026-02-06T17:04:13+00:00\" \/>\n<meta property=\"og:image\" content=\"https:\/\/www.aude.es\/wp-content\/uploads\/2025\/12\/aude-centro-auditivo.webp\" \/>\n\t<meta property=\"og:image:width\" content=\"354\" \/>\n\t<meta property=\"og:image:height\" content=\"338\" \/>\n\t<meta property=\"og:image:type\" content=\"image\/webp\" \/>\n<meta name=\"twitter:card\" content=\"summary_large_image\" \/>\n<meta name=\"twitter:label1\" content=\"Gesch\u00e4tzte Lesezeit\" \/>\n\t<meta name=\"twitter:data1\" content=\"3\u00a0Minuten\" \/>\n<script type=\"application\/ld+json\" class=\"yoast-schema-graph\">{\"@context\":\"https:\\\/\\\/schema.org\",\"@graph\":[{\"@type\":\"WebPage\",\"@id\":\"https:\\\/\\\/www.aude.es\\\/de\\\/hoerzentrum-in-malaga\\\/\",\"url\":\"https:\\\/\\\/www.aude.es\\\/de\\\/hoerzentrum-in-malaga\\\/\",\"name\":\"H\u00f6rzentrum in M\u00e1laga | Aude H\u00f6rzentrum\",\"isPartOf\":{\"@id\":\"https:\\\/\\\/www.aude.es\\\/de\\\/#website\"},\"primaryImageOfPage\":{\"@id\":\"https:\\\/\\\/www.aude.es\\\/de\\\/hoerzentrum-in-malaga\\\/#primaryimage\"},\"image\":{\"@id\":\"https:\\\/\\\/www.aude.es\\\/de\\\/hoerzentrum-in-malaga\\\/#primaryimage\"},\"thumbnailUrl\":\"https:\\\/\\\/www.aude.es\\\/wp-content\\\/uploads\\\/2025\\\/12\\\/aude-centro-auditivo.webp\",\"datePublished\":\"2025-12-17T18:27:48+00:00\",\"dateModified\":\"2026-02-06T17:04:13+00:00\",\"description\":\"H\u00f6rzentrum in Malaga mit professioneller und individueller Betreuung. Umfassende Audiometrie, H\u00f6rger\u00e4teanpassung und Nachsorge.\",\"breadcrumb\":{\"@id\":\"https:\\\/\\\/www.aude.es\\\/de\\\/hoerzentrum-in-malaga\\\/#breadcrumb\"},\"inLanguage\":\"de\",\"potentialAction\":[{\"@type\":\"ReadAction\",\"target\":[\"https:\\\/\\\/www.aude.es\\\/de\\\/hoerzentrum-in-malaga\\\/\"]}]},{\"@type\":\"ImageObject\",\"inLanguage\":\"de\",\"@id\":\"https:\\\/\\\/www.aude.es\\\/de\\\/hoerzentrum-in-malaga\\\/#primaryimage\",\"url\":\"https:\\\/\\\/www.aude.es\\\/wp-content\\\/uploads\\\/2025\\\/12\\\/aude-centro-auditivo.webp\",\"contentUrl\":\"https:\\\/\\\/www.aude.es\\\/wp-content\\\/uploads\\\/2025\\\/12\\\/aude-centro-auditivo.webp\",\"width\":354,\"height\":338,\"caption\":\"centro auditivo malaga\"},{\"@type\":\"BreadcrumbList\",\"@id\":\"https:\\\/\\\/www.aude.es\\\/de\\\/hoerzentrum-in-malaga\\\/#breadcrumb\",\"itemListElement\":[{\"@type\":\"ListItem\",\"position\":1,\"name\":\"Portada\",\"item\":\"https:\\\/\\\/www.aude.es\\\/de\\\/wir-kuemmern-uns-um-ihre-hoergesundheit\\\/\"},{\"@type\":\"ListItem\",\"position\":2,\"name\":\"H\u00f6rzentrum in Malaga\"}]},{\"@type\":\"WebSite\",\"@id\":\"https:\\\/\\\/www.aude.es\\\/de\\\/#website\",\"url\":\"https:\\\/\\\/www.aude.es\\\/de\\\/\",\"name\":\"Aude Centro Auditivo\",\"description\":\"Centro Auditivo\",\"publisher\":{\"@id\":\"https:\\\/\\\/www.aude.es\\\/de\\\/#organization\"},\"potentialAction\":[{\"@type\":\"SearchAction\",\"target\":{\"@type\":\"EntryPoint\",\"urlTemplate\":\"https:\\\/\\\/www.aude.es\\\/de\\\/?s={search_term_string}\"},\"query-input\":{\"@type\":\"PropertyValueSpecification\",\"valueRequired\":true,\"valueName\":\"search_term_string\"}}],\"inLanguage\":\"de\"},{\"@type\":\"Organization\",\"@id\":\"https:\\\/\\\/www.aude.es\\\/de\\\/#organization\",\"name\":\"Aude Centro Auditivo\",\"alternateName\":\"Tienda de Aud\u00edfonos\",\"url\":\"https:\\\/\\\/www.aude.es\\\/de\\\/\",\"logo\":{\"@type\":\"ImageObject\",\"inLanguage\":\"de\",\"@id\":\"https:\\\/\\\/www.aude.es\\\/de\\\/#\\\/schema\\\/logo\\\/image\\\/\",\"url\":\"https:\\\/\\\/www.aude.es\\\/wp-content\\\/uploads\\\/2025\\\/01\\\/cropped-AUDE_FAVICON_.png\",\"contentUrl\":\"https:\\\/\\\/www.aude.es\\\/wp-content\\\/uploads\\\/2025\\\/01\\\/cropped-AUDE_FAVICON_.png\",\"width\":512,\"height\":512,\"caption\":\"Aude Centro Auditivo\"},\"image\":{\"@id\":\"https:\\\/\\\/www.aude.es\\\/de\\\/#\\\/schema\\\/logo\\\/image\\\/\"},\"sameAs\":[\"https:\\\/\\\/www.facebook.com\\\/audecentroauditivo\",\"https:\\\/\\\/www.instagram.com\\\/audecentroauditivo\",\"https:\\\/\\\/www.linkedin.com\\\/company\\\/aude-centro-auditivo\"]}]}<\/script>\n<!-- \/ Yoast SEO plugin. -->","yoast_head_json":{"title":"H\u00f6rzentrum in M\u00e1laga | Aude H\u00f6rzentrum","description":"H\u00f6rzentrum in Malaga mit professioneller und individueller Betreuung. Umfassende Audiometrie, H\u00f6rger\u00e4teanpassung und Nachsorge.","robots":{"index":"index","follow":"follow","max-snippet":"max-snippet:-1","max-image-preview":"max-image-preview:large","max-video-preview":"max-video-preview:-1"},"canonical":"https:\/\/www.aude.es\/de\/hoerzentrum-in-malaga\/","og_locale":"de_DE","og_type":"article","og_title":"H\u00f6rzentrum in M\u00e1laga | Aude H\u00f6rzentrum","og_description":"H\u00f6rzentrum in Malaga mit professioneller und individueller Betreuung. Umfassende Audiometrie, H\u00f6rger\u00e4teanpassung und Nachsorge.","og_url":"https:\/\/www.aude.es\/de\/hoerzentrum-in-malaga\/","og_site_name":"Aude Centro Auditivo","article_publisher":"https:\/\/www.facebook.com\/audecentroauditivo","article_modified_time":"2026-02-06T17:04:13+00:00","og_image":[{"width":354,"height":338,"url":"https:\/\/www.aude.es\/wp-content\/uploads\/2025\/12\/aude-centro-auditivo.webp","type":"image\/webp"}],"twitter_card":"summary_large_image","twitter_misc":{"Gesch\u00e4tzte Lesezeit":"3\u00a0Minuten"},"schema":{"@context":"https:\/\/schema.org","@graph":[{"@type":"WebPage","@id":"https:\/\/www.aude.es\/de\/hoerzentrum-in-malaga\/","url":"https:\/\/www.aude.es\/de\/hoerzentrum-in-malaga\/","name":"H\u00f6rzentrum in M\u00e1laga | Aude H\u00f6rzentrum","isPartOf":{"@id":"https:\/\/www.aude.es\/de\/#website"},"primaryImageOfPage":{"@id":"https:\/\/www.aude.es\/de\/hoerzentrum-in-malaga\/#primaryimage"},"image":{"@id":"https:\/\/www.aude.es\/de\/hoerzentrum-in-malaga\/#primaryimage"},"thumbnailUrl":"https:\/\/www.aude.es\/wp-content\/uploads\/2025\/12\/aude-centro-auditivo.webp","datePublished":"2025-12-17T18:27:48+00:00","dateModified":"2026-02-06T17:04:13+00:00","description":"H\u00f6rzentrum in Malaga mit professioneller und individueller Betreuung. Umfassende Audiometrie, H\u00f6rger\u00e4teanpassung und Nachsorge.","breadcrumb":{"@id":"https:\/\/www.aude.es\/de\/hoerzentrum-in-malaga\/#breadcrumb"},"inLanguage":"de","potentialAction":[{"@type":"ReadAction","target":["https:\/\/www.aude.es\/de\/hoerzentrum-in-malaga\/"]}]},{"@type":"ImageObject","inLanguage":"de","@id":"https:\/\/www.aude.es\/de\/hoerzentrum-in-malaga\/#primaryimage","url":"https:\/\/www.aude.es\/wp-content\/uploads\/2025\/12\/aude-centro-auditivo.webp","contentUrl":"https:\/\/www.aude.es\/wp-content\/uploads\/2025\/12\/aude-centro-auditivo.webp","width":354,"height":338,"caption":"centro auditivo malaga"},{"@type":"BreadcrumbList","@id":"https:\/\/www.aude.es\/de\/hoerzentrum-in-malaga\/#breadcrumb","itemListElement":[{"@type":"ListItem","position":1,"name":"Portada","item":"https:\/\/www.aude.es\/de\/wir-kuemmern-uns-um-ihre-hoergesundheit\/"},{"@type":"ListItem","position":2,"name":"H\u00f6rzentrum in Malaga"}]},{"@type":"WebSite","@id":"https:\/\/www.aude.es\/de\/#website","url":"https:\/\/www.aude.es\/de\/","name":"Aude Centro Auditivo","description":"Centro Auditivo","publisher":{"@id":"https:\/\/www.aude.es\/de\/#organization"},"potentialAction":[{"@type":"SearchAction","target":{"@type":"EntryPoint","urlTemplate":"https:\/\/www.aude.es\/de\/?s={search_term_string}"},"query-input":{"@type":"PropertyValueSpecification","valueRequired":true,"valueName":"search_term_string"}}],"inLanguage":"de"},{"@type":"Organization","@id":"https:\/\/www.aude.es\/de\/#organization","name":"Aude Centro Auditivo","alternateName":"Tienda de Aud\u00edfonos","url":"https:\/\/www.aude.es\/de\/","logo":{"@type":"ImageObject","inLanguage":"de","@id":"https:\/\/www.aude.es\/de\/#\/schema\/logo\/image\/","url":"https:\/\/www.aude.es\/wp-content\/uploads\/2025\/01\/cropped-AUDE_FAVICON_.png","contentUrl":"https:\/\/www.aude.es\/wp-content\/uploads\/2025\/01\/cropped-AUDE_FAVICON_.png","width":512,"height":512,"caption":"Aude Centro Auditivo"},"image":{"@id":"https:\/\/www.aude.es\/de\/#\/schema\/logo\/image\/"},"sameAs":["https:\/\/www.facebook.com\/audecentroauditivo","https:\/\/www.instagram.com\/audecentroauditivo","https:\/\/www.linkedin.com\/company\/aude-centro-auditivo"]}]}},"_links":{"self":[{"href":"https:\/\/www.aude.es\/de\/wp-json\/wp\/v2\/pages\/2869","targetHints":{"allow":["GET"]}}],"collection":[{"href":"https:\/\/www.aude.es\/de\/wp-json\/wp\/v2\/pages"}],"about":[{"href":"https:\/\/www.aude.es\/de\/wp-json\/wp\/v2\/types\/page"}],"author":[{"embeddable":true,"href":"https:\/\/www.aude.es\/de\/wp-json\/wp\/v2\/users\/2"}],"replies":[{"embeddable":true,"href":"https:\/\/www.aude.es\/de\/wp-json\/wp\/v2\/comments?post=2869"}],"version-history":[{"count":4,"href":"https:\/\/www.aude.es\/de\/wp-json\/wp\/v2\/pages\/2869\/revisions"}],"predecessor-version":[{"id":2873,"href":"https:\/\/www.aude.es\/de\/wp-json\/wp\/v2\/pages\/2869\/revisions\/2873"}],"wp:featuredmedia":[{"embeddable":true,"href":"https:\/\/www.aude.es\/de\/wp-json\/wp\/v2\/media\/2598"}],"wp:attachment":[{"href":"https:\/\/www.aude.es\/de\/wp-json\/wp\/v2\/media?parent=2869"}],"curies":[{"name":"wp","href":"https:\/\/api.w.org\/{rel}","templated":true}]}}